{"id":14,"date":"2016-03-21T21:28:45","date_gmt":"2016-03-21T20:28:45","guid":{"rendered":"http:\/\/reshaft.pl\/?page_id=14"},"modified":"2016-03-23T19:21:33","modified_gmt":"2016-03-23T18:21:33","slug":"o-nas","status":"publish","type":"page","link":"https:\/\/haftowanesztandary.pl\/index\/o-nas\/","title":{"rendered":"O nas"},"content":{"rendered":"<p><img loading=\"lazy\" decoding=\"async\" class=\"alignnone size-full wp-image-195\" src=\"https:\/\/reshaft.pl\/wp-content\/uploads\/2016\/03\/haft-baner.jpg\" alt=\"haft-baner\" width=\"2000\" height=\"500\" srcset=\"https:\/\/haftowanesztandary.pl\/index\/wp-content\/uploads\/2016\/03\/haft-baner.jpg 2000w, https:\/\/haftowanesztandary.pl\/index\/wp-content\/uploads\/2016\/03\/haft-baner-300x75.jpg 300w, https:\/\/haftowanesztandary.pl\/index\/wp-content\/uploads\/2016\/03\/haft-baner-768x192.jpg 768w, https:\/\/haftowanesztandary.pl\/index\/wp-content\/uploads\/2016\/03\/haft-baner-1024x256.jpg 1024w\" sizes=\"(max-width: 2000px) 100vw, 2000px\" \/><\/p>\n<p>Haft komputerowy jest od lat nasz\u0105 specjalno\u015bci\u0105 a naszym najwa\u017cniejszym produktem s\u0105 haftowane sztandary i chor\u0105gwie. Wyr\u00f3\u017cnia nas kompleksowe podej\u015bcie do zam\u00f3wie\u0144. Ka\u017cde zam\u00f3wienie indywidualnie omawiamy z klientem i przygotowujemy od projektu, przez wykonanie a\u017c po dobranie wszystkich niezb\u0119dnych dodatk\u00f3w. Ch\u0119tnie doradzimy w ka\u017cdej sytuacji.<\/p>\n<p><img loading=\"lazy\" decoding=\"async\" class=\"wp-image-197 size-medium alignleft\" src=\"https:\/\/reshaft.pl\/wp-content\/uploads\/2016\/03\/01-300x200.jpg\" alt=\"01\" width=\"300\" height=\"200\" srcset=\"https:\/\/haftowanesztandary.pl\/index\/wp-content\/uploads\/2016\/03\/01-300x200.jpg 300w, https:\/\/haftowanesztandary.pl\/index\/wp-content\/uploads\/2016\/03\/01-768x512.jpg 768w, https:\/\/haftowanesztandary.pl\/index\/wp-content\/uploads\/2016\/03\/01-750x500.jpg 750w, https:\/\/haftowanesztandary.pl\/index\/wp-content\/uploads\/2016\/03\/01.jpg 1000w\" sizes=\"(max-width: 300px) 100vw, 300px\" \/>Posiadamy nowoczesny park maszynowy pozwalaj\u0105cy wykonywa\u0107 zar\u00f3wno haft p\u0142aski, jaki i haft wypuk\u0142y. Przyjmujemy tak\u017ce zam\u00f3wienia na haft r\u0119czny, kt\u00f3ry wykonuje do\u015bwiadczone hafciarka. W jednym i drugim przypadku dbamy o u\u017cycie najlepszych nici i dobranych do potrzeb materia\u0142\u00f3w, przez co mo\u017cemy zagwarantowa\u0107 nie tylko wysok\u0105 jako\u015b\u0107, ale i estetyk\u0119 ko\u0144cowego produktu.<\/p>\n<p>Drugim filarem naszej dzia\u0142alno\u015bci s\u0105 haftowane aplikacje na ka\u017cd\u0105 okazj\u0119. Mo\u017cemy zaproponowa\u0107 haft liturgiczny i haft dzieci\u0119cy a tak\u017ce haft komercyjny.<\/p>\n<p>Haftowane logo czy indywidualny motyw wyszyty na wskazanych gad\u017cetach czy innych produktach (kt\u00f3re mo\u017ce wykona\u0107 wsp\u00f3\u0142pracuj\u0105ca z nami krawcowa) \u015bwietnie nadaj\u0105 si\u0119 na upominki.<\/p>\n<p>Lubimy wyzwania \u2013 podejmujemy si\u0119 prac niestandardowych, jak haft na sk\u00f3rze czy wyszywanie ma\u0142ych, prywatnych zam\u00f3wie\u0144 na przyk\u0142ad na personalizowanie prezenty. Dzia\u0142amy szybko i tanio na terenie ca\u0142ego kraju.<\/p>\n<p><center><br \/>\n<a href=\"https:\/\/reshaft.pl\/oferta\/\"><img loading=\"lazy\" decoding=\"async\" class=\"alignnone wp-image-5 size-full\" src=\"https:\/\/reshaft.pl\/wp-content\/uploads\/2016\/03\/sztandar-1.jpg\" alt=\"sztandar\" width=\"200\" height=\"200\" srcset=\"https:\/\/haftowanesztandary.pl\/index\/wp-content\/uploads\/2016\/03\/sztandar-1.jpg 200w, https:\/\/haftowanesztandary.pl\/index\/wp-content\/uploads\/2016\/03\/sztandar-1-150x150.jpg 150w, https:\/\/haftowanesztandary.pl\/index\/wp-content\/uploads\/2016\/03\/sztandar-1-174x174.jpg 174w\" sizes=\"(max-width: 200px) 100vw, 200px\" \/><\/a>\u00a0<a href=\"https:\/\/reshaft.pl\/oferta\/\"><img loading=\"lazy\" decoding=\"async\" class=\"alignnone wp-image-6 size-full\" src=\"https:\/\/reshaft.pl\/wp-content\/uploads\/2016\/03\/liturgiczny.jpg\" alt=\"liturgiczny\" width=\"200\" height=\"200\" srcset=\"https:\/\/haftowanesztandary.pl\/index\/wp-content\/uploads\/2016\/03\/liturgiczny.jpg 200w, https:\/\/haftowanesztandary.pl\/index\/wp-content\/uploads\/2016\/03\/liturgiczny-150x150.jpg 150w, https:\/\/haftowanesztandary.pl\/index\/wp-content\/uploads\/2016\/03\/liturgiczny-174x174.jpg 174w\" sizes=\"(max-width: 200px) 100vw, 200px\" \/><\/a><a href=\"https:\/\/reshaft.pl\/oferta\/\"><img loading=\"lazy\" decoding=\"async\" class=\"alignnone wp-image-7 size-full\" src=\"https:\/\/reshaft.pl\/wp-content\/uploads\/2016\/03\/dzieci.jpg\" alt=\"dzieci\" width=\"200\" height=\"200\" srcset=\"https:\/\/haftowanesztandary.pl\/index\/wp-content\/uploads\/2016\/03\/dzieci.jpg 200w, https:\/\/haftowanesztandary.pl\/index\/wp-content\/uploads\/2016\/03\/dzieci-150x150.jpg 150w, https:\/\/haftowanesztandary.pl\/index\/wp-content\/uploads\/2016\/03\/dzieci-174x174.jpg 174w\" sizes=\"(max-width: 200px) 100vw, 200px\" \/><\/a> <a href=\"https:\/\/reshaft.pl\/oferta\/\"><img loading=\"lazy\" decoding=\"async\" class=\"alignnone wp-image-9 size-full\" src=\"https:\/\/reshaft.pl\/wp-content\/uploads\/2016\/03\/commercial-1.jpg\" alt=\"commercial\" width=\"200\" height=\"200\" srcset=\"https:\/\/haftowanesztandary.pl\/index\/wp-content\/uploads\/2016\/03\/commercial-1.jpg 200w, https:\/\/haftowanesztandary.pl\/index\/wp-content\/uploads\/2016\/03\/commercial-1-150x150.jpg 150w, https:\/\/haftowanesztandary.pl\/index\/wp-content\/uploads\/2016\/03\/commercial-1-174x174.jpg 174w\" sizes=\"(max-width: 200px) 100vw, 200px\" \/><\/a><\/center><\/p>\n","protected":false},"excerpt":{"rendered":"<p>Haft komputerowy jest od lat nasz\u0105 specjalno\u015bci\u0105 a naszym najwa\u017cniejszym produktem s\u0105 haftowane sztandary i chor\u0105gwie. Wyr\u00f3\u017cnia nas kompleksowe podej\u015bcie do zam\u00f3wie\u0144. Ka\u017cde zam\u00f3wienie indywidualnie omawiamy z klientem i przygotowujemy od projektu, przez wykonanie a\u017c po dobranie wszystkich niezb\u0119dnych dodatk\u00f3w. Ch\u0119tnie doradzimy w ka\u017cdej sytuacji. Posiadamy nowoczesny park maszynowy pozwalaj\u0105cy wykonywa\u0107 zar\u00f3wno haft p\u0142aski, jaki<a href=\"https:\/\/haftowanesztandary.pl\/index\/o-nas\/\">[&#8230;]<\/a><\/p>\n","protected":false},"author":1,"featured_media":0,"parent":0,"menu_order":1,"comment_status":"closed","ping_status":"closed","template":"template-fullwidth.php","meta":{"footnotes":""},"_links":{"self":[{"href":"https:\/\/haftowanesztandary.pl\/index\/wp-json\/wp\/v2\/pages\/14"}],"collection":[{"href":"https:\/\/haftowanesztandary.pl\/index\/wp-json\/wp\/v2\/pages"}],"about":[{"href":"https:\/\/haftowanesztandary.pl\/index\/wp-json\/wp\/v2\/types\/page"}],"author":[{"embeddable":true,"href":"https:\/\/haftowanesztandary.pl\/index\/wp-json\/wp\/v2\/users\/1"}],"replies":[{"embeddable":true,"href":"https:\/\/haftowanesztandary.pl\/index\/wp-json\/wp\/v2\/comments?post=14"}],"version-history":[{"count":9,"href":"https:\/\/haftowanesztandary.pl\/index\/wp-json\/wp\/v2\/pages\/14\/revisions"}],"predecessor-version":[{"id":201,"href":"https:\/\/haftowanesztandary.pl\/index\/wp-json\/wp\/v2\/pages\/14\/revisions\/201"}],"wp:attachment":[{"href":"https:\/\/haftowanesztandary.pl\/index\/wp-json\/wp\/v2\/media?parent=14"}],"curies":[{"name":"wp","href":"https:\/\/api.w.org\/{rel}","templated":true}]}}